{"id":167,"date":"2023-01-03T16:47:04","date_gmt":"2023-01-03T15:47:04","guid":{"rendered":"https:\/\/web.kedak.de\/?page_id=167"},"modified":"2025-06-26T15:17:42","modified_gmt":"2025-06-26T14:17:42","slug":"thiet-ke-website-chuyen-nghiep","status":"publish","type":"page","link":"https:\/\/kedak.de\/vn\/thiet-ke-website-chuyen-nghiep\/","title":{"rendered":"Thi\u1ebft k\u1ebf Website chuy\u00ean nghi\u1ec7p"},"content":{"rendered":"<p>[et_pb_section fb_built=&#8220;1&#8243; fullwidth=&#8220;on&#8220; admin_label=&#8220;Header&#8220; _builder_version=&#8220;4.16&#8243; background_image=&#8220;https:\/\/kedak.de\/wp-content\/uploads\/2023\/01\/web-dev-03.png&#8220; parallax=&#8220;on&#8220; animation_style=&#8220;fade&#8220; global_colors_info=&#8220;{}&#8220;][et_pb_fullwidth_header title=&#8220; Thi\u1ebft K\u1ebf Website Chuy\u00ean Nghi\u1ec7p Cho Ng\u01b0\u1eddi Vi\u1ec7t T\u1ea1i \u0110\u1ee9c&#8220; content_max_width=&#8220;640px&#8220; _builder_version=&#8220;4.27.4&#8243; title_font=&#8220;Lato|900|||||||&#8220; title_font_size=&#8220;40px&#8220; title_line_height=&#8220;1.5em&#8220; content_font=&#8220;||||||||&#8220; content_font_size=&#8220;16px&#8220; content_line_height=&#8220;2em&#8220; background_color=&#8220;rgba(0,0,0,0)&#8220; custom_button_one=&#8220;on&#8220; button_one_text_size=&#8220;14px&#8220; button_one_text_color=&#8220;#ffffff&#8220; button_one_bg_color=&#8220;#0054ff&#8220; button_one_border_width=&#8220;14px&#8220; button_one_border_color=&#8220;rgba(0,0,0,0)&#8220; button_one_border_radius=&#8220;0px&#8220; button_one_letter_spacing=&#8220;2px&#8220; button_one_font=&#8220;|600||on|||||&#8220; button_one_icon=&#8220;&#x39;||divi||400&#8243; button_one_on_hover=&#8220;off&#8220; custom_button_two=&#8220;on&#8220; button_two_text_size=&#8220;14px&#8220; button_two_text_color=&#8220;#0054ff&#8220; button_two_bg_color=&#8220;rgba(255,255,255,0)&#8220; button_two_border_width=&#8220;12px&#8220; button_two_border_color=&#8220;rgba(0,0,0,0)&#8220; button_two_border_radius=&#8220;0px&#8220; button_two_letter_spacing=&#8220;2px&#8220; button_two_font=&#8220;|600||on|||||&#8220; button_two_icon=&#8220;&#x39;||divi||400&#8243; button_two_on_hover=&#8220;off&#8220; background_layout=&#8220;light&#8220; custom_margin=&#8220;|||&#8220; custom_padding=&#8220;10vw|||&#8220; animation_style=&#8220;zoom&#8220; animation_intensity_zoom=&#8220;-5%&#8220; hover_enabled=&#8220;0&#8243; title_font_size_tablet=&#8220;&#8220; title_font_size_phone=&#8220;25px&#8220; title_font_size_last_edited=&#8220;on|desktop&#8220; box_shadow_style_button_two=&#8220;preset1&#8243; box_shadow_vertical_button_two=&#8220;0px&#8220; box_shadow_blur_button_two=&#8220;0px&#8220; box_shadow_spread_button_two=&#8220;2px&#8220; box_shadow_color_button_two=&#8220;#0054ff&#8220; button_one_letter_spacing_hover=&#8220;2px&#8220; button_two_letter_spacing_hover=&#8220;2px&#8220; global_colors_info=&#8220;{}&#8220; button_one_text_size__hover_enabled=&#8220;off&#8220; button_two_text_size__hover_enabled=&#8220;off&#8220; button_one_text_color__hover_enabled=&#8220;off&#8220; button_two_text_color__hover_enabled=&#8220;off&#8220; button_one_border_width__hover_enabled=&#8220;off&#8220; button_two_border_width__hover_enabled=&#8220;off&#8220; button_one_border_color__hover_enabled=&#8220;off&#8220; button_two_border_color__hover_enabled=&#8220;off&#8220; button_one_border_radius__hover_enabled=&#8220;off&#8220; button_two_border_radius__hover_enabled=&#8220;off&#8220; button_one_letter_spacing__hover_enabled=&#8220;on&#8220; button_one_letter_spacing__hover=&#8220;2px&#8220; button_two_letter_spacing__hover_enabled=&#8220;on&#8220; button_two_letter_spacing__hover=&#8220;2px&#8220; button_one_bg_color__hover_enabled=&#8220;off&#8220; button_two_bg_color__hover_enabled=&#8220;off&#8220; sticky_enabled=&#8220;0&#8243;]<\/p>\n<p>Bi\u1ebfn \u00fd t\u01b0\u1edfng c\u1ee7a b\u1ea1n th\u00e0nh m\u1ed9t Website chuy\u00ean nghi\u1ec7p \u2013 hi\u1ec7n \u0111\u1ea1i, chu\u1ea9n SEO v\u00e0 s\u1eb5n s\u00e0ng thu h\u00fat kh\u00e1ch h\u00e0ng!<\/p>\n<p>[\/et_pb_fullwidth_header][et_pb_fullwidth_image src=&#8220;https:\/\/kedak.de\/wp-content\/uploads\/2023\/01\/web-dev-12.png&#8220; _builder_version=&#8220;4.16&#8243; custom_margin=&#8220;-10%|||&#8220; animation_style=&#8220;zoom&#8220; animation_direction=&#8220;bottom&#8220; animation_duration=&#8220;1400ms&#8220; animation_intensity_zoom=&#8220;5%&#8220; global_colors_info=&#8220;{}&#8220;][\/et_pb_fullwidth_image][\/et_pb_section][et_pb_section fb_built=&#8220;1&#8243; theme_builder_area=&#8220;post_content&#8220; _builder_version=&#8220;4.27.4&#8243; _module_preset=&#8220;default&#8220; background_color=&#8220;#d3d3d3&#8243; hover_enabled=&#8220;0&#8243; sticky_enabled=&#8220;0&#8243;][et_pb_row _builder_version=&#8220;4.27.4&#8243; _module_preset=&#8220;default&#8220; theme_builder_area=&#8220;post_content&#8220; column_structure=&#8220;1_2,1_2&#8243;][et_pb_column _builder_version=&#8220;4.27.4&#8243; _module_preset=&#8220;default&#8220; type=&#8220;1_2&#8243; theme_builder_area=&#8220;post_content&#8220;][et_pb_text _builder_version=&#8220;4.27.4&#8243; _module_preset=&#8220;default&#8220; theme_builder_area=&#8220;post_content&#8220; hover_enabled=&#8220;0&#8243; sticky_enabled=&#8220;0&#8243;]<\/p>\n<h3  >\u2705 V\u00ec sao b\u1ea1n c\u1ea7n m\u1ed9t Website chuy\u00ean nghi\u1ec7p?<\/h3>\n<ul  >\n<li  >\n<p  ><strong  >T\u1ea1o uy t\u00edn<\/strong>: Kh\u00e1ch h\u00e0ng tin t\u01b0\u1edfng doanh nghi\u1ec7p c\u00f3 Website r\u00f5 r\u00e0ng, chuy\u00ean nghi\u1ec7p.<\/p>\n<\/li>\n<li  >\n<p  ><strong  >T\u0103ng kh\u1ea3 n\u0103ng t\u00ecm th\u1ea5y tr\u00ean Google<\/strong>: Thi\u1ebft k\u1ebf chu\u1ea9n SEO gi\u00fap b\u1ea1n \u0111\u01b0\u1ee3c t\u00ecm th\u1ea5y d\u1ec5 d\u00e0ng h\u01a1n.<\/p>\n<\/li>\n<li  >\n<p  ><strong  >Ti\u1ebfp c\u1eadn kh\u00e1ch h\u00e0ng 24\/7<\/strong>: Website ho\u1ea1t \u0111\u1ed9ng m\u1ecdi l\u00fac, gi\u1edbi thi\u1ec7u d\u1ecbch v\u1ee5 ngay c\u1ea3 khi b\u1ea1n \u0111ang ngh\u1ec9 ng\u01a1i.<\/p>\n<\/li>\n<li  >\n<p  ><strong  >T\u1ea1o l\u1ee3i th\u1ebf c\u1ea1nh tranh<\/strong>: Trong m\u00f4i tr\u01b0\u1eddng kinh doanh \u0111\u1ea7y c\u1ea1nh tranh, m\u1ed9t Website t\u1ed1t l\u00e0 ch\u00eca kh\u00f3a th\u00e0nh c\u00f4ng.<\/p>\n<\/li>\n<\/ul>\n<p>[\/et_pb_text][\/et_pb_column][et_pb_column _builder_version=&#8220;4.27.4&#8243; _module_preset=&#8220;default&#8220; type=&#8220;1_2&#8243; theme_builder_area=&#8220;post_content&#8220;][et_pb_image src=&#8220;https:\/\/kedak.de\/vn\/wp-content\/uploads\/2025\/06\/faceart-club_screenshot.png&#8220; _builder_version=&#8220;4.27.4&#8243; _module_preset=&#8220;default&#8220; theme_builder_area=&#8220;post_content&#8220; title_text=&#8220;faceart-club_screenshot&#8220; hover_enabled=&#8220;0&#8243; sticky_enabled=&#8220;0&#8243;][\/et_pb_image][\/et_pb_column][\/et_pb_row][\/et_pb_section][et_pb_section fb_built=&#8220;1&#8243; theme_builder_area=&#8220;post_content&#8220; _builder_version=&#8220;4.27.4&#8243; _module_preset=&#8220;default&#8220; background_color=&#8220;RGBA(255,255,255,0)&#8220; hover_enabled=&#8220;0&#8243; sticky_enabled=&#8220;0&#8243;][et_pb_row _builder_version=&#8220;4.27.4&#8243; _module_preset=&#8220;default&#8220; theme_builder_area=&#8220;post_content&#8220;][et_pb_column _builder_version=&#8220;4.27.4&#8243; _module_preset=&#8220;default&#8220; type=&#8220;4_4&#8243; theme_builder_area=&#8220;post_content&#8220;][et_pb_text _builder_version=&#8220;4.27.4&#8243; _module_preset=&#8220;default&#8220; theme_builder_area=&#8220;post_content&#8220; hover_enabled=&#8220;0&#8243; sticky_enabled=&#8220;0&#8243; text_orientation=&#8220;center&#8220;]<\/p>\n<h2>\ud83d\ude80 D\u1ecbch v\u1ee5 thi\u1ebft k\u1ebf Website c\u1ee7a Kedak g\u1ed3m<\/h2>\n<p>[\/et_pb_text][\/et_pb_column][\/et_pb_row][et_pb_row _builder_version=&#8220;4.27.4&#8243; _module_preset=&#8220;default&#8220; theme_builder_area=&#8220;post_content&#8220; column_structure=&#8220;1_2,1_2&#8243;][et_pb_column _builder_version=&#8220;4.27.4&#8243; _module_preset=&#8220;default&#8220; type=&#8220;1_2&#8243; theme_builder_area=&#8220;post_content&#8220;][et_pb_blurb title=&#8220;Website Gi\u1edbi Thi\u1ec7u Doanh Nghi\u1ec7p&#8220; _builder_version=&#8220;4.27.4&#8243; _module_preset=&#8220;default&#8220; theme_builder_area=&#8220;post_content&#8220; hover_enabled=&#8220;0&#8243; sticky_enabled=&#8220;0&#8243; use_icon=&#8220;on&#8220; font_icon=&#8220;&#xf5cc;||fa||400&#8243; icon_color=&#8220;#E09900&#8243;]<\/p>\n<p  >Ph\u00f9 h\u1ee3p v\u1edbi nh\u00e0 h\u00e0ng, ti\u1ec7m nails, studio n\u1ed1i mi, ti\u1ec7m t\u00f3c, lu\u1eadt s\u01b0, b\u00e1c s\u0129&#8230;<\/p>\n<ul  >\n<li  >\n<p  >Thi\u1ebft k\u1ebf chu\u1ea9n UX\/UI \u2013 d\u1ec5 d\u00f9ng, d\u1ec5 nh\u00ecn<\/p>\n<\/li>\n<li  >\n<p  >T\u01b0\u01a1ng th\u00edch v\u1edbi \u0111i\u1ec7n tho\u1ea1i di \u0111\u1ed9ng v\u00e0 m\u00e1y t\u00ednh<\/p>\n<\/li>\n<li  >\n<p  >Chu\u1ea9n SEO \u2013 t\u1ed1i \u01b0u cho Google<\/p>\n<\/li>\n<li  >\n<p  >T\u00edch h\u1ee3p b\u1ea3n \u0111\u1ed3, m\u1ea1ng x\u00e3 h\u1ed9i, form li\u00ean h\u1ec7<\/p>\n<\/li>\n<li  >\n<p  >\u0110a ng\u00f4n ng\u1eef (Vi\u1ec7t \u2013 \u0110\u1ee9c \u2013 Anh n\u1ebfu c\u1ea7n)<\/p>\n<\/li>\n<\/ul>\n<p  >\ud83d\udcb0 <strong  >Gi\u00e1 ch\u1ec9 t\u1eeb 999\u20ac<\/strong> \u2013 tr\u1ecdn g\u00f3i, kh\u00f4ng ph\u00e1t sinh th\u00eam.<\/p>\n<p>[\/et_pb_blurb][\/et_pb_column][et_pb_column _builder_version=&#8220;4.27.4&#8243; _module_preset=&#8220;default&#8220; type=&#8220;1_2&#8243; theme_builder_area=&#8220;post_content&#8220;][et_pb_blurb title=&#8220;Website B\u00e1n H\u00e0ng \/ Online Shop&#8220; _builder_version=&#8220;4.27.4&#8243; _module_preset=&#8220;default&#8220; theme_builder_area=&#8220;post_content&#8220; hover_enabled=&#8220;0&#8243; sticky_enabled=&#8220;0&#8243; use_icon=&#8220;on&#8220; font_icon=&#8220;&#xf25b;||fa||900&#8243; icon_color=&#8220;#E09900&#8243;]<\/p>\n<p  >D\u00e0nh cho c\u1eeda h\u00e0ng c\u1ea7n b\u00e1n h\u00e0ng online \u2013 \u0111\u01a1n gi\u1ea3n ho\u1eb7c chuy\u00ean nghi\u1ec7p:<\/p>\n<ul  >\n<li  >\n<p  >Giao di\u1ec7n hi\u1ec7n \u0111\u1ea1i, d\u1ec5 d\u00f9ng<\/p>\n<\/li>\n<li  >\n<p  >Qu\u1ea3n l\u00fd s\u1ea3n ph\u1ea9m, \u0111\u01a1n h\u00e0ng, thanh to\u00e1n online<\/p>\n<\/li>\n<li  >\n<p  >K\u1ebft n\u1ed1i v\u1edbi PayPal, Stripe, Klarna\u2026<\/p>\n<\/li>\n<li  >\n<p  >T\u1ed1i \u01b0u cho SEO v\u00e0 tr\u1ea3i nghi\u1ec7m ng\u01b0\u1eddi d\u00f9ng<\/p>\n<\/li>\n<\/ul>\n<p  >\ud83d\udcb0 <strong  >Gi\u00e1 ch\u1ec9 t\u1eeb 1599\u20ac<\/strong> \u2013 giao h\u00e0ng nhanh trong v\u00f2ng 2 tu\u1ea7n.<\/p>\n<p>[\/et_pb_blurb][\/et_pb_column][\/et_pb_row][\/et_pb_section][et_pb_section fb_built=&#8220;1&#8243; theme_builder_area=&#8220;post_content&#8220; _builder_version=&#8220;4.27.4&#8243; _module_preset=&#8220;default&#8220; background_color=&#8220;#d3d3d3&#8243; hover_enabled=&#8220;0&#8243; sticky_enabled=&#8220;0&#8243;][et_pb_row _builder_version=&#8220;4.27.4&#8243; _module_preset=&#8220;default&#8220; theme_builder_area=&#8220;post_content&#8220;][et_pb_column _builder_version=&#8220;4.27.4&#8243; _module_preset=&#8220;default&#8220; type=&#8220;4_4&#8243; theme_builder_area=&#8220;post_content&#8220;][et_pb_text _builder_version=&#8220;4.27.4&#8243; _module_preset=&#8220;default&#8220; theme_builder_area=&#8220;post_content&#8220; hover_enabled=&#8220;0&#8243; sticky_enabled=&#8220;0&#8243; text_orientation=&#8220;center&#8220;]<\/p>\n<h3  >\u2764\ufe0f D\u00e0nh ri\u00eang cho c\u1ed9ng \u0111\u1ed3ng ng\u01b0\u1eddi Vi\u1ec7t<\/h3>\n<p  >Ch\u00fang t\u00f4i hi\u1ec3u phong c\u00e1ch l\u00e0m vi\u1ec7c v\u00e0 nhu c\u1ea7u c\u1ee7a c\u1ed9ng \u0111\u1ed3ng Vi\u1ec7t t\u1ea1i \u0110\u1ee9c \u2013 t\u1eeb nh\u00e0 h\u00e0ng nh\u1ecf \u0111\u1ebfn doanh nghi\u1ec7p chuy\u00ean nghi\u1ec7p.<br   \/><strong  >Ch\u00fang t\u00f4i n\u00f3i ti\u1ebfng Vi\u1ec7t \u2013 t\u01b0 v\u1ea5n t\u1eadn t\u00ecnh, d\u1ec5 hi\u1ec3u.<\/strong><\/p>\n<p>[\/et_pb_text][\/et_pb_column][\/et_pb_row][\/et_pb_section][et_pb_section fb_built=&#8220;1&#8243; theme_builder_area=&#8220;post_content&#8220; _builder_version=&#8220;4.27.4&#8243; _module_preset=&#8220;default&#8220; background_color=&#8220;RGBA(255,255,255,0)&#8220; hover_enabled=&#8220;0&#8243; sticky_enabled=&#8220;0&#8243;][et_pb_row _builder_version=&#8220;4.27.4&#8243; _module_preset=&#8220;default&#8220; theme_builder_area=&#8220;post_content&#8220;][et_pb_column _builder_version=&#8220;4.27.4&#8243; _module_preset=&#8220;default&#8220; type=&#8220;4_4&#8243; theme_builder_area=&#8220;post_content&#8220;][et_pb_text _builder_version=&#8220;4.27.4&#8243; _module_preset=&#8220;default&#8220; theme_builder_area=&#8220;post_content&#8220; hover_enabled=&#8220;0&#8243; sticky_enabled=&#8220;0&#8243; text_orientation=&#8220;center&#8220;]<\/p>\n<h3  >\ud83d\udcde Li\u00ean h\u1ec7 ngay h\u00f4m nay<\/h3>\n<p  >\ud83d\udcf2 G\u1ecdi: <strong  >0176-4271-6833<\/strong><br   \/>\ud83d\udcac\u00a0 WhatsApp : <strong  >0176-4271-6833<\/strong><br   \/>\ud83d\udce7 Email: <strong  ><a   class=\"cursor-pointer\" rel=\"noopener\">hello@kedak.de<\/a><\/strong><\/p>\n<p  >\ud83d\udc49 Ho\u1eb7c b\u1ea5m n\u00fat b\u00ean d\u01b0\u1edbi \u0111\u1ec3 \u0111\u1eb7t l\u1ecbch t\u01b0 v\u1ea5n mi\u1ec5n ph\u00ed:<\/p>\n<p>[\/et_pb_text][et_pb_button button_text=&#8220;T\u01b0 v\u1eabn mi\u1ec5n ph\u00ed qua WhatsApp&#8220; _builder_version=&#8220;4.27.4&#8243; _module_preset=&#8220;default&#8220; theme_builder_area=&#8220;post_content&#8220; button_url=&#8220;https:\/\/api.whatsapp.com\/send?phone=4917642716833&#038;text=Xin%20duoc%20t%C6%B0%20v%E1%BA%A5n&#8220; button_alignment=&#8220;center&#8220; hover_enabled=&#8220;0&#8243; sticky_enabled=&#8220;0&#8243;][\/et_pb_button][\/et_pb_column][\/et_pb_row][\/et_pb_section][et_pb_section fb_built=&#8220;1&#8243; admin_label=&#8220;Resume&#8220; _builder_version=&#8220;4.16&#8243; background_color=&#8220;#0054ff&#8220; background_color_gradient_direction=&#8220;90deg&#8220; background_image=&#8220;https:\/\/kedak.de\/wp-content\/uploads\/2023\/01\/web-dev-24.png&#8220; background_size=&#8220;initial&#8220; background_position=&#8220;top_center&#8220; custom_margin=&#8220;|||10%&#8220; custom_margin_tablet=&#8220;|||0%&#8220; custom_margin_phone=&#8220;|||0vw&#8220; custom_margin_last_edited=&#8220;on|phone&#8220; custom_padding=&#8220;120px|0|54px|0px|false|false&#8220; global_colors_info=&#8220;{}&#8220;][et_pb_row column_structure=&#8220;1_3,1_3,1_3&#8243; _builder_version=&#8220;4.16&#8243; global_colors_info=&#8220;{}&#8220;][et_pb_column type=&#8220;1_3&#8243; _builder_version=&#8220;4.16&#8243; custom_padding=&#8220;|||&#8220; global_colors_info=&#8220;{}&#8220; custom_padding__hover=&#8220;|||&#8220;][et_pb_number_counter title=&#8220;n\u0103m kinh nghi\u1ec7m&#8220; number=&#8220;16&#8243; percent_sign=&#8220;off&#8220; _builder_version=&#8220;4.27.4&#8243; title_font=&#8220;|800|||||||&#8220; title_line_height=&#8220;1.4em&#8220; number_font=&#8220;Lato|900|||||||&#8220; number_text_color=&#8220;#ffffff&#8220; number_font_size=&#8220;120px&#8220; number_line_height=&#8220;42px&#8220; background_layout=&#8220;dark&#8220; custom_margin=&#8220;||40px|&#8220; animation_style=&#8220;slide&#8220; animation_direction=&#8220;bottom&#8220; animation_intensity_slide=&#8220;220%&#8220; hover_enabled=&#8220;0&#8243; number_font_size_tablet=&#8220;&#8220; number_font_size_phone=&#8220;100px&#8220; number_font_size_last_edited=&#8220;on|phone&#8220; locked=&#8220;off&#8220; global_colors_info=&#8220;{}&#8220; sticky_enabled=&#8220;0&#8243;][\/et_pb_number_counter][\/et_pb_column][et_pb_column type=&#8220;1_3&#8243; _builder_version=&#8220;4.16&#8243; custom_padding=&#8220;24%|||&#8220; custom_padding_tablet=&#8220;0%|||&#8220; custom_padding_phone=&#8220;0%|||&#8220; custom_padding_last_edited=&#8220;on|desktop&#8220; global_colors_info=&#8220;{}&#8220; padding_tablet=&#8220;0%|||&#8220; padding_last_edited=&#8220;on|desktop&#8220; custom_padding__hover=&#8220;|||&#8220; padding_phone=&#8220;0%|||&#8220;][et_pb_number_counter title=&#8220;D\u1ef1 \u00e1n th\u00e0nh c\u00f4ng&#8220; number=&#8220;1881&#8243; percent_sign=&#8220;off&#8220; _builder_version=&#8220;4.27.4&#8243; title_font=&#8220;|800|||||||&#8220; title_line_height=&#8220;1.4em&#8220; number_font=&#8220;Lato|900|||||||&#8220; number_text_color=&#8220;#ffffff&#8220; number_font_size=&#8220;120px&#8220; number_line_height=&#8220;42px&#8220; background_layout=&#8220;dark&#8220; custom_margin=&#8220;||40px|&#8220; animation_style=&#8220;slide&#8220; animation_direction=&#8220;bottom&#8220; animation_intensity_slide=&#8220;110%&#8220; hover_enabled=&#8220;0&#8243; number_font_size_tablet=&#8220;&#8220; number_font_size_phone=&#8220;100px&#8220; number_font_size_last_edited=&#8220;on|phone&#8220; locked=&#8220;off&#8220; global_colors_info=&#8220;{}&#8220; sticky_enabled=&#8220;0&#8243;][\/et_pb_number_counter][\/et_pb_column][et_pb_column type=&#8220;1_3&#8243; _builder_version=&#8220;4.16&#8243; custom_padding=&#8220;48%|||&#8220; custom_padding_tablet=&#8220;0%|||&#8220; custom_padding_phone=&#8220;0%|||&#8220; custom_padding_last_edited=&#8220;on|desktop&#8220; global_colors_info=&#8220;{}&#8220; padding_tablet=&#8220;0%|||&#8220; padding_last_edited=&#8220;on|desktop&#8220; custom_padding__hover=&#8220;|||&#8220; padding_phone=&#8220;0%|||&#8220;][et_pb_number_counter title=&#8220;C\u1ed1c Cafe trong v\u0103n ph\u00f2ng&#8220; number=&#8220;3871&#8243; percent_sign=&#8220;off&#8220; _builder_version=&#8220;4.27.4&#8243; title_font=&#8220;|800|||||||&#8220; title_line_height=&#8220;1.4em&#8220; number_font=&#8220;Lato|900|||||||&#8220; number_text_color=&#8220;#ffffff&#8220; number_font_size=&#8220;120px&#8220; number_line_height=&#8220;42px&#8220; background_layout=&#8220;dark&#8220; custom_margin=&#8220;||40px|&#8220; animation_style=&#8220;slide&#8220; animation_direction=&#8220;bottom&#8220; animation_intensity_slide=&#8220;20%&#8220; hover_enabled=&#8220;0&#8243; number_font_size_tablet=&#8220;&#8220; number_font_size_phone=&#8220;100px&#8220; number_font_size_last_edited=&#8220;on|phone&#8220; locked=&#8220;off&#8220; global_colors_info=&#8220;{}&#8220; sticky_enabled=&#8220;0&#8243;][\/et_pb_number_counter][\/et_pb_column][\/et_pb_row][\/et_pb_section]<\/p>\n","protected":false},"excerpt":{"rendered":"<p>Bi\u1ebfn \u00fd t\u01b0\u1edfng c\u1ee7a b\u1ea1n th\u00e0nh m\u1ed9t Website chuy\u00ean nghi\u1ec7p \u2013 hi\u1ec7n \u0111\u1ea1i, chu\u1ea9n SEO v\u00e0 s\u1eb5n s\u00e0ng thu h\u00fat kh\u00e1ch h\u00e0ng!\u2705 V\u00ec sao b\u1ea1n c\u1ea7n m\u1ed9t Website chuy\u00ean nghi\u1ec7p? T\u1ea1o uy t\u00edn: Kh\u00e1ch h\u00e0ng tin t\u01b0\u1edfng doanh nghi\u1ec7p c\u00f3 Website r\u00f5 r\u00e0ng, chuy\u00ean nghi\u1ec7p. T\u0103ng kh\u1ea3 n\u0103ng t\u00ecm th\u1ea5y tr\u00ean Google: Thi\u1ebft k\u1ebf chu\u1ea9n [&hellip;]<\/p>\n","protected":false},"author":1,"featured_media":0,"parent":0,"menu_order":0,"comment_status":"closed","ping_status":"closed","template":"","meta":{"_et_pb_use_builder":"on","_et_pb_old_content":"","_et_gb_content_width":"","footnotes":""},"class_list":["post-167","page","type-page","status-publish","hentry"],"yoast_head":"<!-- This site is optimized with the Yoast SEO plugin v27.5 - https:\/\/yoast.com\/product\/yoast-seo-wordpress\/ -->\n<title>Thi\u1ebft k\u1ebf Website chuy\u00ean nghi\u1ec7p - Kedak<\/title>\n<meta name=\"robots\" content=\"index, follow, max-snippet:-1, max-image-preview:large, max-video-preview:-1\" \/>\n<link rel=\"canonical\" href=\"https:\/\/kedak.de\/vn\/thiet-ke-website-chuyen-nghiep\/\" \/>\n<meta property=\"og:locale\" content=\"de_DE\" \/>\n<meta property=\"og:type\" content=\"article\" \/>\n<meta property=\"og:title\" content=\"Thi\u1ebft k\u1ebf Website chuy\u00ean nghi\u1ec7p - Kedak\" \/>\n<meta property=\"og:description\" content=\"Bi\u1ebfn \u00fd t\u01b0\u1edfng c\u1ee7a b\u1ea1n th\u00e0nh m\u1ed9t Website chuy\u00ean nghi\u1ec7p \u2013 hi\u1ec7n \u0111\u1ea1i, chu\u1ea9n SEO v\u00e0 s\u1eb5n s\u00e0ng thu h\u00fat kh\u00e1ch h\u00e0ng!\u2705 V\u00ec sao b\u1ea1n c\u1ea7n m\u1ed9t Website chuy\u00ean nghi\u1ec7p? T\u1ea1o uy t\u00edn: Kh\u00e1ch h\u00e0ng tin t\u01b0\u1edfng doanh nghi\u1ec7p c\u00f3 Website r\u00f5 r\u00e0ng, chuy\u00ean nghi\u1ec7p. T\u0103ng kh\u1ea3 n\u0103ng t\u00ecm th\u1ea5y tr\u00ean Google: Thi\u1ebft k\u1ebf chu\u1ea9n [&hellip;]\" \/>\n<meta property=\"og:url\" content=\"https:\/\/kedak.de\/vn\/thiet-ke-website-chuyen-nghiep\/\" \/>\n<meta property=\"og:site_name\" content=\"Kedak\" \/>\n<meta property=\"article:modified_time\" content=\"2025-06-26T14:17:42+00:00\" \/>\n<meta name=\"twitter:card\" content=\"summary_large_image\" \/>\n<meta name=\"twitter:label1\" content=\"Gesch\u00e4tzte Lesezeit\" \/>\n\t<meta name=\"twitter:data1\" content=\"4\u00a0Minuten\" \/>\n<script type=\"application\/ld+json\" class=\"yoast-schema-graph\">{\"@context\":\"https:\\\/\\\/schema.org\",\"@graph\":[{\"@type\":\"WebPage\",\"@id\":\"https:\\\/\\\/kedak.de\\\/vn\\\/thiet-ke-website-chuyen-nghiep\\\/\",\"url\":\"https:\\\/\\\/kedak.de\\\/vn\\\/thiet-ke-website-chuyen-nghiep\\\/\",\"name\":\"Thi\u1ebft k\u1ebf Website chuy\u00ean nghi\u1ec7p - Kedak\",\"isPartOf\":{\"@id\":\"\\\/#website\"},\"datePublished\":\"2023-01-03T15:47:04+00:00\",\"dateModified\":\"2025-06-26T14:17:42+00:00\",\"breadcrumb\":{\"@id\":\"https:\\\/\\\/kedak.de\\\/vn\\\/thiet-ke-website-chuyen-nghiep\\\/#breadcrumb\"},\"inLanguage\":\"de\",\"potentialAction\":[{\"@type\":\"ReadAction\",\"target\":[\"https:\\\/\\\/kedak.de\\\/vn\\\/thiet-ke-website-chuyen-nghiep\\\/\"]}]},{\"@type\":\"BreadcrumbList\",\"@id\":\"https:\\\/\\\/kedak.de\\\/vn\\\/thiet-ke-website-chuyen-nghiep\\\/#breadcrumb\",\"itemListElement\":[{\"@type\":\"ListItem\",\"position\":1,\"name\":\"Startseite\",\"item\":\"https:\\\/\\\/kedak.de\\\/vn\\\/\"},{\"@type\":\"ListItem\",\"position\":2,\"name\":\"Thi\u1ebft k\u1ebf Website chuy\u00ean nghi\u1ec7p\"}]},{\"@type\":\"WebSite\",\"@id\":\"\\\/#website\",\"url\":\"\\\/\",\"name\":\"Kedak\",\"description\":\"\",\"publisher\":{\"@id\":\"\\\/#organization\"},\"potentialAction\":[{\"@type\":\"SearchAction\",\"target\":{\"@type\":\"EntryPoint\",\"urlTemplate\":\"\\\/?s={search_term_string}\"},\"query-input\":{\"@type\":\"PropertyValueSpecification\",\"valueRequired\":true,\"valueName\":\"search_term_string\"}}],\"inLanguage\":\"de\"},{\"@type\":\"Organization\",\"@id\":\"\\\/#organization\",\"name\":\"Kedak\",\"url\":\"\\\/\",\"logo\":{\"@type\":\"ImageObject\",\"inLanguage\":\"de\",\"@id\":\"\\\/#\\\/schema\\\/logo\\\/image\\\/\",\"url\":\"https:\\\/\\\/kedak.de\\\/wp-content\\\/uploads\\\/2022\\\/12\\\/logo_500x500-1.png\",\"contentUrl\":\"https:\\\/\\\/kedak.de\\\/wp-content\\\/uploads\\\/2022\\\/12\\\/logo_500x500-1.png\",\"width\":411,\"height\":379,\"caption\":\"Kedak\"},\"image\":{\"@id\":\"\\\/#\\\/schema\\\/logo\\\/image\\\/\"}}]}<\/script>\n<!-- \/ Yoast SEO plugin. -->","yoast_head_json":{"title":"Thi\u1ebft k\u1ebf Website chuy\u00ean nghi\u1ec7p - Kedak","robots":{"index":"index","follow":"follow","max-snippet":"max-snippet:-1","max-image-preview":"max-image-preview:large","max-video-preview":"max-video-preview:-1"},"canonical":"https:\/\/kedak.de\/vn\/thiet-ke-website-chuyen-nghiep\/","og_locale":"de_DE","og_type":"article","og_title":"Thi\u1ebft k\u1ebf Website chuy\u00ean nghi\u1ec7p - Kedak","og_description":"Bi\u1ebfn \u00fd t\u01b0\u1edfng c\u1ee7a b\u1ea1n th\u00e0nh m\u1ed9t Website chuy\u00ean nghi\u1ec7p \u2013 hi\u1ec7n \u0111\u1ea1i, chu\u1ea9n SEO v\u00e0 s\u1eb5n s\u00e0ng thu h\u00fat kh\u00e1ch h\u00e0ng!\u2705 V\u00ec sao b\u1ea1n c\u1ea7n m\u1ed9t Website chuy\u00ean nghi\u1ec7p? T\u1ea1o uy t\u00edn: Kh\u00e1ch h\u00e0ng tin t\u01b0\u1edfng doanh nghi\u1ec7p c\u00f3 Website r\u00f5 r\u00e0ng, chuy\u00ean nghi\u1ec7p. T\u0103ng kh\u1ea3 n\u0103ng t\u00ecm th\u1ea5y tr\u00ean Google: Thi\u1ebft k\u1ebf chu\u1ea9n [&hellip;]","og_url":"https:\/\/kedak.de\/vn\/thiet-ke-website-chuyen-nghiep\/","og_site_name":"Kedak","article_modified_time":"2025-06-26T14:17:42+00:00","twitter_card":"summary_large_image","twitter_misc":{"Gesch\u00e4tzte Lesezeit":"4\u00a0Minuten"},"schema":{"@context":"https:\/\/schema.org","@graph":[{"@type":"WebPage","@id":"https:\/\/kedak.de\/vn\/thiet-ke-website-chuyen-nghiep\/","url":"https:\/\/kedak.de\/vn\/thiet-ke-website-chuyen-nghiep\/","name":"Thi\u1ebft k\u1ebf Website chuy\u00ean nghi\u1ec7p - Kedak","isPartOf":{"@id":"\/#website"},"datePublished":"2023-01-03T15:47:04+00:00","dateModified":"2025-06-26T14:17:42+00:00","breadcrumb":{"@id":"https:\/\/kedak.de\/vn\/thiet-ke-website-chuyen-nghiep\/#breadcrumb"},"inLanguage":"de","potentialAction":[{"@type":"ReadAction","target":["https:\/\/kedak.de\/vn\/thiet-ke-website-chuyen-nghiep\/"]}]},{"@type":"BreadcrumbList","@id":"https:\/\/kedak.de\/vn\/thiet-ke-website-chuyen-nghiep\/#breadcrumb","itemListElement":[{"@type":"ListItem","position":1,"name":"Startseite","item":"https:\/\/kedak.de\/vn\/"},{"@type":"ListItem","position":2,"name":"Thi\u1ebft k\u1ebf Website chuy\u00ean nghi\u1ec7p"}]},{"@type":"WebSite","@id":"\/#website","url":"\/","name":"Kedak","description":"","publisher":{"@id":"\/#organization"},"potentialAction":[{"@type":"SearchAction","target":{"@type":"EntryPoint","urlTemplate":"\/?s={search_term_string}"},"query-input":{"@type":"PropertyValueSpecification","valueRequired":true,"valueName":"search_term_string"}}],"inLanguage":"de"},{"@type":"Organization","@id":"\/#organization","name":"Kedak","url":"\/","logo":{"@type":"ImageObject","inLanguage":"de","@id":"\/#\/schema\/logo\/image\/","url":"https:\/\/kedak.de\/wp-content\/uploads\/2022\/12\/logo_500x500-1.png","contentUrl":"https:\/\/kedak.de\/wp-content\/uploads\/2022\/12\/logo_500x500-1.png","width":411,"height":379,"caption":"Kedak"},"image":{"@id":"\/#\/schema\/logo\/image\/"}}]}},"_links":{"self":[{"href":"https:\/\/kedak.de\/vn\/wp-json\/wp\/v2\/pages\/167","targetHints":{"allow":["GET"]}}],"collection":[{"href":"https:\/\/kedak.de\/vn\/wp-json\/wp\/v2\/pages"}],"about":[{"href":"https:\/\/kedak.de\/vn\/wp-json\/wp\/v2\/types\/page"}],"author":[{"embeddable":true,"href":"https:\/\/kedak.de\/vn\/wp-json\/wp\/v2\/users\/1"}],"replies":[{"embeddable":true,"href":"https:\/\/kedak.de\/vn\/wp-json\/wp\/v2\/comments?post=167"}],"version-history":[{"count":5,"href":"https:\/\/kedak.de\/vn\/wp-json\/wp\/v2\/pages\/167\/revisions"}],"predecessor-version":[{"id":1088,"href":"https:\/\/kedak.de\/vn\/wp-json\/wp\/v2\/pages\/167\/revisions\/1088"}],"wp:attachment":[{"href":"https:\/\/kedak.de\/vn\/wp-json\/wp\/v2\/media?parent=167"}],"curies":[{"name":"wp","href":"https:\/\/api.w.org\/{rel}","templated":true}]}}